{"id":3194,"date":"2025-02-10T13:47:08","date_gmt":"2025-02-10T18:47:08","guid":{"rendered":"https:\/\/releveottawa.com\/amenagements\/"},"modified":"2025-10-14T06:34:05","modified_gmt":"2025-10-14T10:34:05","slug":"commodites","status":"publish","type":"page","link":"https:\/\/releveottawa.com\/fr\/commodites\/","title":{"rendered":"Commodit\u00e9s"},"content":{"rendered":"","protected":false},"excerpt":{"rendered":"","protected":false},"author":1,"featured_media":0,"parent":0,"menu_order":0,"comment_status":"closed","ping_status":"closed","template":"templates\/amenities.php","meta":{"_acf_changed":false,"footnotes":""},"class_list":["post-3194","page","type-page","status-publish","hentry"],"acf":[],"yoast_head":"<!-- This site is optimized with the Yoast SEO plugin v27.4 - https:\/\/yoast.com\/product\/yoast-seo-wordpress\/ -->\n<title>Nouvelle Commodit\u00e9s moderne \u00e0 Relev\u00e9 | Location au centre-ville d&#039;Ottawa<\/title>\n<meta name=\"description\" content=\"Les commodit\u00e9s de Relev\u00e9 comprennent un simulateur de golf, un salon de karaok\u00e9, un centre de conditionnement physique, une piscine sur le toit, et plus encore, dans les plus r\u00e9centes locations du centre-ville d&#039;Ottawa.\" \/>\n<meta name=\"robots\" content=\"index, follow, max-snippet:-1, max-image-preview:large, max-video-preview:-1\" \/>\n<link rel=\"canonical\" href=\"https:\/\/releveottawa.com\/fr\/commodites\/\" \/>\n<meta property=\"og:locale\" content=\"fr_CA\" \/>\n<meta property=\"og:type\" content=\"article\" \/>\n<meta property=\"og:title\" content=\"Nouvelle Commodit\u00e9s moderne \u00e0 Relev\u00e9 | Location au centre-ville d&#039;Ottawa\" \/>\n<meta property=\"og:description\" content=\"Les commodit\u00e9s de Relev\u00e9 comprennent un simulateur de golf, un salon de karaok\u00e9, un centre de conditionnement physique, une piscine sur le toit, et plus encore, dans les plus r\u00e9centes locations du centre-ville d&#039;Ottawa.\" \/>\n<meta property=\"og:url\" content=\"https:\/\/releveottawa.com\/fr\/commodites\/\" \/>\n<meta property=\"og:site_name\" content=\"Relev\u00e9\" \/>\n<meta property=\"article:modified_time\" content=\"2025-10-14T10:34:05+00:00\" \/>\n<meta name=\"twitter:card\" content=\"summary_large_image\" \/>\n<meta name=\"twitter:label1\" content=\"Estimation du temps de lecture\" \/>\n\t<meta name=\"twitter:data1\" content=\"2 minutes\" \/>\n<script type=\"application\/ld+json\" class=\"yoast-schema-graph\">{\"@context\":\"https:\\\/\\\/schema.org\",\"@graph\":[{\"@type\":\"WebPage\",\"@id\":\"https:\\\/\\\/releveottawa.com\\\/fr\\\/commodites\\\/\",\"url\":\"https:\\\/\\\/releveottawa.com\\\/fr\\\/commodites\\\/\",\"name\":\"Nouvelle Commodit\u00e9s moderne \u00e0 Relev\u00e9 | Location au centre-ville d'Ottawa\",\"isPartOf\":{\"@id\":\"https:\\\/\\\/releveottawa.com\\\/fr\\\/#website\"},\"datePublished\":\"2025-02-10T18:47:08+00:00\",\"dateModified\":\"2025-10-14T10:34:05+00:00\",\"description\":\"Les commodit\u00e9s de Relev\u00e9 comprennent un simulateur de golf, un salon de karaok\u00e9, un centre de conditionnement physique, une piscine sur le toit, et plus encore, dans les plus r\u00e9centes locations du centre-ville d'Ottawa.\",\"breadcrumb\":{\"@id\":\"https:\\\/\\\/releveottawa.com\\\/fr\\\/commodites\\\/#breadcrumb\"},\"inLanguage\":\"fr-CA\",\"potentialAction\":[{\"@type\":\"ReadAction\",\"target\":[\"https:\\\/\\\/releveottawa.com\\\/fr\\\/commodites\\\/\"]}]},{\"@type\":\"BreadcrumbList\",\"@id\":\"https:\\\/\\\/releveottawa.com\\\/fr\\\/commodites\\\/#breadcrumb\",\"itemListElement\":[{\"@type\":\"ListItem\",\"position\":1,\"name\":\"Home\",\"item\":\"https:\\\/\\\/releveottawa.com\\\/fr\\\/\"},{\"@type\":\"ListItem\",\"position\":2,\"name\":\"Commodit\u00e9s\"}]},{\"@type\":\"WebSite\",\"@id\":\"https:\\\/\\\/releveottawa.com\\\/fr\\\/#website\",\"url\":\"https:\\\/\\\/releveottawa.com\\\/fr\\\/\",\"name\":\"Relev\u00e9\",\"description\":\"\",\"potentialAction\":[{\"@type\":\"SearchAction\",\"target\":{\"@type\":\"EntryPoint\",\"urlTemplate\":\"https:\\\/\\\/releveottawa.com\\\/fr\\\/?s={search_term_string}\"},\"query-input\":{\"@type\":\"PropertyValueSpecification\",\"valueRequired\":true,\"valueName\":\"search_term_string\"}}],\"inLanguage\":\"fr-CA\"}]}<\/script>\n<!-- \/ Yoast SEO plugin. -->","yoast_head_json":{"title":"Nouvelle Commodit\u00e9s moderne \u00e0 Relev\u00e9 | Location au centre-ville d'Ottawa","description":"Les commodit\u00e9s de Relev\u00e9 comprennent un simulateur de golf, un salon de karaok\u00e9, un centre de conditionnement physique, une piscine sur le toit, et plus encore, dans les plus r\u00e9centes locations du centre-ville d'Ottawa.","robots":{"index":"index","follow":"follow","max-snippet":"max-snippet:-1","max-image-preview":"max-image-preview:large","max-video-preview":"max-video-preview:-1"},"canonical":"https:\/\/releveottawa.com\/fr\/commodites\/","og_locale":"fr_CA","og_type":"article","og_title":"Nouvelle Commodit\u00e9s moderne \u00e0 Relev\u00e9 | Location au centre-ville d'Ottawa","og_description":"Les commodit\u00e9s de Relev\u00e9 comprennent un simulateur de golf, un salon de karaok\u00e9, un centre de conditionnement physique, une piscine sur le toit, et plus encore, dans les plus r\u00e9centes locations du centre-ville d'Ottawa.","og_url":"https:\/\/releveottawa.com\/fr\/commodites\/","og_site_name":"Relev\u00e9","article_modified_time":"2025-10-14T10:34:05+00:00","twitter_card":"summary_large_image","twitter_misc":{"Estimation du temps de lecture":"2 minutes"},"schema":{"@context":"https:\/\/schema.org","@graph":[{"@type":"WebPage","@id":"https:\/\/releveottawa.com\/fr\/commodites\/","url":"https:\/\/releveottawa.com\/fr\/commodites\/","name":"Nouvelle Commodit\u00e9s moderne \u00e0 Relev\u00e9 | Location au centre-ville d'Ottawa","isPartOf":{"@id":"https:\/\/releveottawa.com\/fr\/#website"},"datePublished":"2025-02-10T18:47:08+00:00","dateModified":"2025-10-14T10:34:05+00:00","description":"Les commodit\u00e9s de Relev\u00e9 comprennent un simulateur de golf, un salon de karaok\u00e9, un centre de conditionnement physique, une piscine sur le toit, et plus encore, dans les plus r\u00e9centes locations du centre-ville d'Ottawa.","breadcrumb":{"@id":"https:\/\/releveottawa.com\/fr\/commodites\/#breadcrumb"},"inLanguage":"fr-CA","potentialAction":[{"@type":"ReadAction","target":["https:\/\/releveottawa.com\/fr\/commodites\/"]}]},{"@type":"BreadcrumbList","@id":"https:\/\/releveottawa.com\/fr\/commodites\/#breadcrumb","itemListElement":[{"@type":"ListItem","position":1,"name":"Home","item":"https:\/\/releveottawa.com\/fr\/"},{"@type":"ListItem","position":2,"name":"Commodit\u00e9s"}]},{"@type":"WebSite","@id":"https:\/\/releveottawa.com\/fr\/#website","url":"https:\/\/releveottawa.com\/fr\/","name":"Relev\u00e9","description":"","potentialAction":[{"@type":"SearchAction","target":{"@type":"EntryPoint","urlTemplate":"https:\/\/releveottawa.com\/fr\/?s={search_term_string}"},"query-input":{"@type":"PropertyValueSpecification","valueRequired":true,"valueName":"search_term_string"}}],"inLanguage":"fr-CA"}]}},"_links":{"self":[{"href":"https:\/\/releveottawa.com\/fr\/wp-json\/wp\/v2\/pages\/3194","targetHints":{"allow":["GET"]}}],"collection":[{"href":"https:\/\/releveottawa.com\/fr\/wp-json\/wp\/v2\/pages"}],"about":[{"href":"https:\/\/releveottawa.com\/fr\/wp-json\/wp\/v2\/types\/page"}],"author":[{"embeddable":true,"href":"https:\/\/releveottawa.com\/fr\/wp-json\/wp\/v2\/users\/1"}],"replies":[{"embeddable":true,"href":"https:\/\/releveottawa.com\/fr\/wp-json\/wp\/v2\/comments?post=3194"}],"version-history":[{"count":3,"href":"https:\/\/releveottawa.com\/fr\/wp-json\/wp\/v2\/pages\/3194\/revisions"}],"predecessor-version":[{"id":4070,"href":"https:\/\/releveottawa.com\/fr\/wp-json\/wp\/v2\/pages\/3194\/revisions\/4070"}],"wp:attachment":[{"href":"https:\/\/releveottawa.com\/fr\/wp-json\/wp\/v2\/media?parent=3194"}],"curies":[{"name":"wp","href":"https:\/\/api.w.org\/{rel}","templated":true}]}}