{"id":3677,"date":"2025-02-10T11:52:30","date_gmt":"2025-02-10T16:52:30","guid":{"rendered":"https:\/\/releveottawa.com\/galerie\/"},"modified":"2025-10-14T04:37:50","modified_gmt":"2025-10-14T08:37:50","slug":"galerie","status":"publish","type":"page","link":"https:\/\/releveottawa.com\/fr\/galerie\/","title":{"rendered":"Galerie"},"content":{"rendered":"","protected":false},"excerpt":{"rendered":"","protected":false},"author":1,"featured_media":0,"parent":0,"menu_order":0,"comment_status":"closed","ping_status":"closed","template":"templates\/gallery.php","meta":{"_acf_changed":false,"footnotes":""},"class_list":["post-3677","page","type-page","status-publish","hentry"],"acf":[],"yoast_head":"<!-- This site is optimized with the Yoast SEO plugin v27.4 - https:\/\/yoast.com\/product\/yoast-seo-wordpress\/ -->\n<title>Galerie | Relev\u00e9<\/title>\n<meta name=\"description\" content=\"Explorez la galerie Relev\u00e9 et d\u00e9couvrez des images inspirantes de la vie moderne au c\u0153ur du centre-ville d&#039;Ottawa.\" \/>\n<meta name=\"robots\" content=\"index, follow, max-snippet:-1, max-image-preview:large, max-video-preview:-1\" \/>\n<link rel=\"canonical\" href=\"https:\/\/releveottawa.com\/fr\/galerie\/\" \/>\n<meta property=\"og:locale\" content=\"fr_CA\" \/>\n<meta property=\"og:type\" content=\"article\" \/>\n<meta property=\"og:title\" content=\"Galerie | Relev\u00e9\" \/>\n<meta property=\"og:description\" content=\"Explorez la galerie Relev\u00e9 et d\u00e9couvrez des images inspirantes de la vie moderne au c\u0153ur du centre-ville d&#039;Ottawa.\" \/>\n<meta property=\"og:url\" content=\"https:\/\/releveottawa.com\/fr\/galerie\/\" \/>\n<meta property=\"og:site_name\" content=\"Relev\u00e9\" \/>\n<meta property=\"article:modified_time\" content=\"2025-10-14T08:37:50+00:00\" \/>\n<meta name=\"twitter:card\" content=\"summary_large_image\" \/>\n<script type=\"application\/ld+json\" class=\"yoast-schema-graph\">{\"@context\":\"https:\\\/\\\/schema.org\",\"@graph\":[{\"@type\":\"WebPage\",\"@id\":\"https:\\\/\\\/releveottawa.com\\\/fr\\\/galerie\\\/\",\"url\":\"https:\\\/\\\/releveottawa.com\\\/fr\\\/galerie\\\/\",\"name\":\"Galerie | Relev\u00e9\",\"isPartOf\":{\"@id\":\"https:\\\/\\\/releveottawa.com\\\/fr\\\/#website\"},\"datePublished\":\"2025-02-10T16:52:30+00:00\",\"dateModified\":\"2025-10-14T08:37:50+00:00\",\"description\":\"Explorez la galerie Relev\u00e9 et d\u00e9couvrez des images inspirantes de la vie moderne au c\u0153ur du centre-ville d'Ottawa.\",\"breadcrumb\":{\"@id\":\"https:\\\/\\\/releveottawa.com\\\/fr\\\/galerie\\\/#breadcrumb\"},\"inLanguage\":\"fr-CA\",\"potentialAction\":[{\"@type\":\"ReadAction\",\"target\":[\"https:\\\/\\\/releveottawa.com\\\/fr\\\/galerie\\\/\"]}]},{\"@type\":\"BreadcrumbList\",\"@id\":\"https:\\\/\\\/releveottawa.com\\\/fr\\\/galerie\\\/#breadcrumb\",\"itemListElement\":[{\"@type\":\"ListItem\",\"position\":1,\"name\":\"Home\",\"item\":\"https:\\\/\\\/releveottawa.com\\\/fr\\\/\"},{\"@type\":\"ListItem\",\"position\":2,\"name\":\"Galerie\"}]},{\"@type\":\"WebSite\",\"@id\":\"https:\\\/\\\/releveottawa.com\\\/fr\\\/#website\",\"url\":\"https:\\\/\\\/releveottawa.com\\\/fr\\\/\",\"name\":\"Relev\u00e9\",\"description\":\"\",\"potentialAction\":[{\"@type\":\"SearchAction\",\"target\":{\"@type\":\"EntryPoint\",\"urlTemplate\":\"https:\\\/\\\/releveottawa.com\\\/fr\\\/?s={search_term_string}\"},\"query-input\":{\"@type\":\"PropertyValueSpecification\",\"valueRequired\":true,\"valueName\":\"search_term_string\"}}],\"inLanguage\":\"fr-CA\"}]}<\/script>\n<!-- \/ Yoast SEO plugin. -->","yoast_head_json":{"title":"Galerie | Relev\u00e9","description":"Explorez la galerie Relev\u00e9 et d\u00e9couvrez des images inspirantes de la vie moderne au c\u0153ur du centre-ville d'Ottawa.","robots":{"index":"index","follow":"follow","max-snippet":"max-snippet:-1","max-image-preview":"max-image-preview:large","max-video-preview":"max-video-preview:-1"},"canonical":"https:\/\/releveottawa.com\/fr\/galerie\/","og_locale":"fr_CA","og_type":"article","og_title":"Galerie | Relev\u00e9","og_description":"Explorez la galerie Relev\u00e9 et d\u00e9couvrez des images inspirantes de la vie moderne au c\u0153ur du centre-ville d'Ottawa.","og_url":"https:\/\/releveottawa.com\/fr\/galerie\/","og_site_name":"Relev\u00e9","article_modified_time":"2025-10-14T08:37:50+00:00","twitter_card":"summary_large_image","schema":{"@context":"https:\/\/schema.org","@graph":[{"@type":"WebPage","@id":"https:\/\/releveottawa.com\/fr\/galerie\/","url":"https:\/\/releveottawa.com\/fr\/galerie\/","name":"Galerie | Relev\u00e9","isPartOf":{"@id":"https:\/\/releveottawa.com\/fr\/#website"},"datePublished":"2025-02-10T16:52:30+00:00","dateModified":"2025-10-14T08:37:50+00:00","description":"Explorez la galerie Relev\u00e9 et d\u00e9couvrez des images inspirantes de la vie moderne au c\u0153ur du centre-ville d'Ottawa.","breadcrumb":{"@id":"https:\/\/releveottawa.com\/fr\/galerie\/#breadcrumb"},"inLanguage":"fr-CA","potentialAction":[{"@type":"ReadAction","target":["https:\/\/releveottawa.com\/fr\/galerie\/"]}]},{"@type":"BreadcrumbList","@id":"https:\/\/releveottawa.com\/fr\/galerie\/#breadcrumb","itemListElement":[{"@type":"ListItem","position":1,"name":"Home","item":"https:\/\/releveottawa.com\/fr\/"},{"@type":"ListItem","position":2,"name":"Galerie"}]},{"@type":"WebSite","@id":"https:\/\/releveottawa.com\/fr\/#website","url":"https:\/\/releveottawa.com\/fr\/","name":"Relev\u00e9","description":"","potentialAction":[{"@type":"SearchAction","target":{"@type":"EntryPoint","urlTemplate":"https:\/\/releveottawa.com\/fr\/?s={search_term_string}"},"query-input":{"@type":"PropertyValueSpecification","valueRequired":true,"valueName":"search_term_string"}}],"inLanguage":"fr-CA"}]}},"_links":{"self":[{"href":"https:\/\/releveottawa.com\/fr\/wp-json\/wp\/v2\/pages\/3677","targetHints":{"allow":["GET"]}}],"collection":[{"href":"https:\/\/releveottawa.com\/fr\/wp-json\/wp\/v2\/pages"}],"about":[{"href":"https:\/\/releveottawa.com\/fr\/wp-json\/wp\/v2\/types\/page"}],"author":[{"embeddable":true,"href":"https:\/\/releveottawa.com\/fr\/wp-json\/wp\/v2\/users\/1"}],"replies":[{"embeddable":true,"href":"https:\/\/releveottawa.com\/fr\/wp-json\/wp\/v2\/comments?post=3677"}],"version-history":[{"count":1,"href":"https:\/\/releveottawa.com\/fr\/wp-json\/wp\/v2\/pages\/3677\/revisions"}],"predecessor-version":[{"id":3699,"href":"https:\/\/releveottawa.com\/fr\/wp-json\/wp\/v2\/pages\/3677\/revisions\/3699"}],"wp:attachment":[{"href":"https:\/\/releveottawa.com\/fr\/wp-json\/wp\/v2\/media?parent=3677"}],"curies":[{"name":"wp","href":"https:\/\/api.w.org\/{rel}","templated":true}]}}