{"id":3709,"date":"2025-02-10T13:36:18","date_gmt":"2025-02-10T18:36:18","guid":{"rendered":"https:\/\/releveottawa.com\/suites\/"},"modified":"2026-01-30T17:55:34","modified_gmt":"2026-01-30T22:55:34","slug":"suites","status":"publish","type":"page","link":"https:\/\/releveottawa.com\/fr\/suites\/","title":{"rendered":"Suites"},"content":{"rendered":"","protected":false},"excerpt":{"rendered":"","protected":false},"author":1,"featured_media":0,"parent":0,"menu_order":0,"comment_status":"closed","ping_status":"closed","template":"templates\/suites.php","meta":{"_acf_changed":false,"footnotes":""},"class_list":["post-3709","page","type-page","status-publish","hentry"],"acf":[],"yoast_head":"<!-- This site is optimized with the Yoast SEO plugin v27.4 - https:\/\/yoast.com\/product\/yoast-seo-wordpress\/ -->\n<title>Nouvelle location moderne | Relev\u00e9 | Downtown Ottawa Apartments<\/title>\n<meta name=\"description\" content=\"D\u00e9couvrez la collection de nouveaux appartements Relev\u00e9 \u00e0 louer \u00e0 Ottawa - avec des am\u00e9nagements ouverts, des finitions haut de gamme et des vues imprenables sur le centre-ville.\" \/>\n<meta name=\"robots\" content=\"index, follow, max-snippet:-1, max-image-preview:large, max-video-preview:-1\" \/>\n<link rel=\"canonical\" href=\"https:\/\/releveottawa.com\/fr\/suites\/\" \/>\n<meta property=\"og:locale\" content=\"fr_CA\" \/>\n<meta property=\"og:type\" content=\"article\" \/>\n<meta property=\"og:title\" content=\"Nouvelle location moderne | Relev\u00e9 | Downtown Ottawa Apartments\" \/>\n<meta property=\"og:description\" content=\"D\u00e9couvrez la collection de nouveaux appartements Relev\u00e9 \u00e0 louer \u00e0 Ottawa - avec des am\u00e9nagements ouverts, des finitions haut de gamme et des vues imprenables sur le centre-ville.\" \/>\n<meta property=\"og:url\" content=\"https:\/\/releveottawa.com\/fr\/suites\/\" \/>\n<meta property=\"og:site_name\" content=\"Relev\u00e9\" \/>\n<meta property=\"article:modified_time\" content=\"2026-01-30T22:55:34+00:00\" \/>\n<meta name=\"twitter:card\" content=\"summary_large_image\" \/>\n<meta name=\"twitter:label1\" content=\"Estimation du temps de lecture\" \/>\n\t<meta name=\"twitter:data1\" content=\"6 minutes\" \/>\n<script type=\"application\/ld+json\" class=\"yoast-schema-graph\">{\"@context\":\"https:\\\/\\\/schema.org\",\"@graph\":[{\"@type\":\"WebPage\",\"@id\":\"https:\\\/\\\/releveottawa.com\\\/fr\\\/suites\\\/\",\"url\":\"https:\\\/\\\/releveottawa.com\\\/fr\\\/suites\\\/\",\"name\":\"Nouvelle location moderne | Relev\u00e9 | Downtown Ottawa Apartments\",\"isPartOf\":{\"@id\":\"https:\\\/\\\/releveottawa.com\\\/fr\\\/#website\"},\"datePublished\":\"2025-02-10T18:36:18+00:00\",\"dateModified\":\"2026-01-30T22:55:34+00:00\",\"description\":\"D\u00e9couvrez la collection de nouveaux appartements Relev\u00e9 \u00e0 louer \u00e0 Ottawa - avec des am\u00e9nagements ouverts, des finitions haut de gamme et des vues imprenables sur le centre-ville.\",\"breadcrumb\":{\"@id\":\"https:\\\/\\\/releveottawa.com\\\/fr\\\/suites\\\/#breadcrumb\"},\"inLanguage\":\"fr-CA\",\"potentialAction\":[{\"@type\":\"ReadAction\",\"target\":[\"https:\\\/\\\/releveottawa.com\\\/fr\\\/suites\\\/\"]}]},{\"@type\":\"BreadcrumbList\",\"@id\":\"https:\\\/\\\/releveottawa.com\\\/fr\\\/suites\\\/#breadcrumb\",\"itemListElement\":[{\"@type\":\"ListItem\",\"position\":1,\"name\":\"Home\",\"item\":\"https:\\\/\\\/releveottawa.com\\\/fr\\\/\"},{\"@type\":\"ListItem\",\"position\":2,\"name\":\"Suites\"}]},{\"@type\":\"WebSite\",\"@id\":\"https:\\\/\\\/releveottawa.com\\\/fr\\\/#website\",\"url\":\"https:\\\/\\\/releveottawa.com\\\/fr\\\/\",\"name\":\"Relev\u00e9\",\"description\":\"\",\"potentialAction\":[{\"@type\":\"SearchAction\",\"target\":{\"@type\":\"EntryPoint\",\"urlTemplate\":\"https:\\\/\\\/releveottawa.com\\\/fr\\\/?s={search_term_string}\"},\"query-input\":{\"@type\":\"PropertyValueSpecification\",\"valueRequired\":true,\"valueName\":\"search_term_string\"}}],\"inLanguage\":\"fr-CA\"}]}<\/script>\n<!-- \/ Yoast SEO plugin. -->","yoast_head_json":{"title":"Nouvelle location moderne | Relev\u00e9 | Downtown Ottawa Apartments","description":"D\u00e9couvrez la collection de nouveaux appartements Relev\u00e9 \u00e0 louer \u00e0 Ottawa - avec des am\u00e9nagements ouverts, des finitions haut de gamme et des vues imprenables sur le centre-ville.","robots":{"index":"index","follow":"follow","max-snippet":"max-snippet:-1","max-image-preview":"max-image-preview:large","max-video-preview":"max-video-preview:-1"},"canonical":"https:\/\/releveottawa.com\/fr\/suites\/","og_locale":"fr_CA","og_type":"article","og_title":"Nouvelle location moderne | Relev\u00e9 | Downtown Ottawa Apartments","og_description":"D\u00e9couvrez la collection de nouveaux appartements Relev\u00e9 \u00e0 louer \u00e0 Ottawa - avec des am\u00e9nagements ouverts, des finitions haut de gamme et des vues imprenables sur le centre-ville.","og_url":"https:\/\/releveottawa.com\/fr\/suites\/","og_site_name":"Relev\u00e9","article_modified_time":"2026-01-30T22:55:34+00:00","twitter_card":"summary_large_image","twitter_misc":{"Estimation du temps de lecture":"6 minutes"},"schema":{"@context":"https:\/\/schema.org","@graph":[{"@type":"WebPage","@id":"https:\/\/releveottawa.com\/fr\/suites\/","url":"https:\/\/releveottawa.com\/fr\/suites\/","name":"Nouvelle location moderne | Relev\u00e9 | Downtown Ottawa Apartments","isPartOf":{"@id":"https:\/\/releveottawa.com\/fr\/#website"},"datePublished":"2025-02-10T18:36:18+00:00","dateModified":"2026-01-30T22:55:34+00:00","description":"D\u00e9couvrez la collection de nouveaux appartements Relev\u00e9 \u00e0 louer \u00e0 Ottawa - avec des am\u00e9nagements ouverts, des finitions haut de gamme et des vues imprenables sur le centre-ville.","breadcrumb":{"@id":"https:\/\/releveottawa.com\/fr\/suites\/#breadcrumb"},"inLanguage":"fr-CA","potentialAction":[{"@type":"ReadAction","target":["https:\/\/releveottawa.com\/fr\/suites\/"]}]},{"@type":"BreadcrumbList","@id":"https:\/\/releveottawa.com\/fr\/suites\/#breadcrumb","itemListElement":[{"@type":"ListItem","position":1,"name":"Home","item":"https:\/\/releveottawa.com\/fr\/"},{"@type":"ListItem","position":2,"name":"Suites"}]},{"@type":"WebSite","@id":"https:\/\/releveottawa.com\/fr\/#website","url":"https:\/\/releveottawa.com\/fr\/","name":"Relev\u00e9","description":"","potentialAction":[{"@type":"SearchAction","target":{"@type":"EntryPoint","urlTemplate":"https:\/\/releveottawa.com\/fr\/?s={search_term_string}"},"query-input":{"@type":"PropertyValueSpecification","valueRequired":true,"valueName":"search_term_string"}}],"inLanguage":"fr-CA"}]}},"_links":{"self":[{"href":"https:\/\/releveottawa.com\/fr\/wp-json\/wp\/v2\/pages\/3709","targetHints":{"allow":["GET"]}}],"collection":[{"href":"https:\/\/releveottawa.com\/fr\/wp-json\/wp\/v2\/pages"}],"about":[{"href":"https:\/\/releveottawa.com\/fr\/wp-json\/wp\/v2\/types\/page"}],"author":[{"embeddable":true,"href":"https:\/\/releveottawa.com\/fr\/wp-json\/wp\/v2\/users\/1"}],"replies":[{"embeddable":true,"href":"https:\/\/releveottawa.com\/fr\/wp-json\/wp\/v2\/comments?post=3709"}],"version-history":[{"count":6,"href":"https:\/\/releveottawa.com\/fr\/wp-json\/wp\/v2\/pages\/3709\/revisions"}],"predecessor-version":[{"id":4148,"href":"https:\/\/releveottawa.com\/fr\/wp-json\/wp\/v2\/pages\/3709\/revisions\/4148"}],"wp:attachment":[{"href":"https:\/\/releveottawa.com\/fr\/wp-json\/wp\/v2\/media?parent=3709"}],"curies":[{"name":"wp","href":"https:\/\/api.w.org\/{rel}","templated":true}]}}