{"id":4057,"date":"2025-02-10T13:34:37","date_gmt":"2025-02-10T18:34:37","guid":{"rendered":"https:\/\/releveottawa.com\/a-propos-de\/"},"modified":"2026-01-30T17:27:37","modified_gmt":"2026-01-30T22:27:37","slug":"a-propos","status":"publish","type":"page","link":"https:\/\/releveottawa.com\/fr\/a-propos\/","title":{"rendered":"\u00c0 propos"},"content":{"rendered":"<p><span style=\"font-weight: 400;\">R : Relev\u00e9 est situ\u00e9 au 400, rue Albert, Ottawa, ON, K1R 5B2, \u00e0 l&#8217;angle des rues Albert et Lyon, \u00e0 un p\u00e2t\u00e9 de maisons de la station Lyon LRT.<\/span><\/p>\n","protected":false},"excerpt":{"rendered":"<p>R : Relev\u00e9 est situ\u00e9 au 400, rue Albert, Ottawa, ON, K1R 5B2, \u00e0 l&#8217;angle des rues Albert et Lyon, \u00e0 un p\u00e2t\u00e9 de maisons de la station Lyon LRT.<\/p>\n","protected":false},"author":1,"featured_media":0,"parent":0,"menu_order":0,"comment_status":"closed","ping_status":"closed","template":"templates\/about.php","meta":{"_acf_changed":false,"footnotes":""},"class_list":["post-4057","page","type-page","status-publish","hentry"],"acf":[],"yoast_head":"<!-- This site is optimized with the Yoast SEO plugin v27.4 - https:\/\/yoast.com\/product\/yoast-seo-wordpress\/ -->\n<title>\u00c0 propos | Location d&#039;appartements au centre-ville d&#039;Ottawa<\/title>\n<meta name=\"description\" content=\"Relev\u00e9 propose les plus r\u00e9cents appartements locatifs de luxe au centre-ville d&#039;Ottawa, offrant des commodit\u00e9s vibrantes et une commodit\u00e9 sans effort au centre-ville.\" \/>\n<meta name=\"robots\" content=\"index, follow, max-snippet:-1, max-image-preview:large, max-video-preview:-1\" \/>\n<link rel=\"canonical\" href=\"https:\/\/releveottawa.com\/fr\/a-propos\/\" \/>\n<meta property=\"og:locale\" content=\"fr_CA\" \/>\n<meta property=\"og:type\" content=\"article\" \/>\n<meta property=\"og:title\" content=\"\u00c0 propos | Location d&#039;appartements au centre-ville d&#039;Ottawa\" \/>\n<meta property=\"og:description\" content=\"Relev\u00e9 propose les plus r\u00e9cents appartements locatifs de luxe au centre-ville d&#039;Ottawa, offrant des commodit\u00e9s vibrantes et une commodit\u00e9 sans effort au centre-ville.\" \/>\n<meta property=\"og:url\" content=\"https:\/\/releveottawa.com\/fr\/a-propos\/\" \/>\n<meta property=\"og:site_name\" content=\"Relev\u00e9\" \/>\n<meta property=\"article:modified_time\" content=\"2026-01-30T22:27:37+00:00\" \/>\n<meta name=\"twitter:card\" content=\"summary_large_image\" \/>\n<meta name=\"twitter:label1\" content=\"Estimation du temps de lecture\" \/>\n\t<meta name=\"twitter:data1\" content=\"7 minutes\" \/>\n<script type=\"application\/ld+json\" class=\"yoast-schema-graph\">{\"@context\":\"https:\\\/\\\/schema.org\",\"@graph\":[{\"@type\":\"WebPage\",\"@id\":\"https:\\\/\\\/releveottawa.com\\\/fr\\\/a-propos\\\/\",\"url\":\"https:\\\/\\\/releveottawa.com\\\/fr\\\/a-propos\\\/\",\"name\":\"\u00c0 propos | Location d'appartements au centre-ville d'Ottawa\",\"isPartOf\":{\"@id\":\"https:\\\/\\\/releveottawa.com\\\/fr\\\/#website\"},\"datePublished\":\"2025-02-10T18:34:37+00:00\",\"dateModified\":\"2026-01-30T22:27:37+00:00\",\"description\":\"Relev\u00e9 propose les plus r\u00e9cents appartements locatifs de luxe au centre-ville d'Ottawa, offrant des commodit\u00e9s vibrantes et une commodit\u00e9 sans effort au centre-ville.\",\"breadcrumb\":{\"@id\":\"https:\\\/\\\/releveottawa.com\\\/fr\\\/a-propos\\\/#breadcrumb\"},\"inLanguage\":\"fr-CA\",\"potentialAction\":[{\"@type\":\"ReadAction\",\"target\":[\"https:\\\/\\\/releveottawa.com\\\/fr\\\/a-propos\\\/\"]}]},{\"@type\":\"BreadcrumbList\",\"@id\":\"https:\\\/\\\/releveottawa.com\\\/fr\\\/a-propos\\\/#breadcrumb\",\"itemListElement\":[{\"@type\":\"ListItem\",\"position\":1,\"name\":\"Home\",\"item\":\"https:\\\/\\\/releveottawa.com\\\/fr\\\/\"},{\"@type\":\"ListItem\",\"position\":2,\"name\":\"\u00c0 propos\"}]},{\"@type\":\"WebSite\",\"@id\":\"https:\\\/\\\/releveottawa.com\\\/fr\\\/#website\",\"url\":\"https:\\\/\\\/releveottawa.com\\\/fr\\\/\",\"name\":\"Relev\u00e9\",\"description\":\"\",\"potentialAction\":[{\"@type\":\"SearchAction\",\"target\":{\"@type\":\"EntryPoint\",\"urlTemplate\":\"https:\\\/\\\/releveottawa.com\\\/fr\\\/?s={search_term_string}\"},\"query-input\":{\"@type\":\"PropertyValueSpecification\",\"valueRequired\":true,\"valueName\":\"search_term_string\"}}],\"inLanguage\":\"fr-CA\"}]}<\/script>\n<!-- \/ Yoast SEO plugin. -->","yoast_head_json":{"title":"\u00c0 propos | Location d'appartements au centre-ville d'Ottawa","description":"Relev\u00e9 propose les plus r\u00e9cents appartements locatifs de luxe au centre-ville d'Ottawa, offrant des commodit\u00e9s vibrantes et une commodit\u00e9 sans effort au centre-ville.","robots":{"index":"index","follow":"follow","max-snippet":"max-snippet:-1","max-image-preview":"max-image-preview:large","max-video-preview":"max-video-preview:-1"},"canonical":"https:\/\/releveottawa.com\/fr\/a-propos\/","og_locale":"fr_CA","og_type":"article","og_title":"\u00c0 propos | Location d'appartements au centre-ville d'Ottawa","og_description":"Relev\u00e9 propose les plus r\u00e9cents appartements locatifs de luxe au centre-ville d'Ottawa, offrant des commodit\u00e9s vibrantes et une commodit\u00e9 sans effort au centre-ville.","og_url":"https:\/\/releveottawa.com\/fr\/a-propos\/","og_site_name":"Relev\u00e9","article_modified_time":"2026-01-30T22:27:37+00:00","twitter_card":"summary_large_image","twitter_misc":{"Estimation du temps de lecture":"7 minutes"},"schema":{"@context":"https:\/\/schema.org","@graph":[{"@type":"WebPage","@id":"https:\/\/releveottawa.com\/fr\/a-propos\/","url":"https:\/\/releveottawa.com\/fr\/a-propos\/","name":"\u00c0 propos | Location d'appartements au centre-ville d'Ottawa","isPartOf":{"@id":"https:\/\/releveottawa.com\/fr\/#website"},"datePublished":"2025-02-10T18:34:37+00:00","dateModified":"2026-01-30T22:27:37+00:00","description":"Relev\u00e9 propose les plus r\u00e9cents appartements locatifs de luxe au centre-ville d'Ottawa, offrant des commodit\u00e9s vibrantes et une commodit\u00e9 sans effort au centre-ville.","breadcrumb":{"@id":"https:\/\/releveottawa.com\/fr\/a-propos\/#breadcrumb"},"inLanguage":"fr-CA","potentialAction":[{"@type":"ReadAction","target":["https:\/\/releveottawa.com\/fr\/a-propos\/"]}]},{"@type":"BreadcrumbList","@id":"https:\/\/releveottawa.com\/fr\/a-propos\/#breadcrumb","itemListElement":[{"@type":"ListItem","position":1,"name":"Home","item":"https:\/\/releveottawa.com\/fr\/"},{"@type":"ListItem","position":2,"name":"\u00c0 propos"}]},{"@type":"WebSite","@id":"https:\/\/releveottawa.com\/fr\/#website","url":"https:\/\/releveottawa.com\/fr\/","name":"Relev\u00e9","description":"","potentialAction":[{"@type":"SearchAction","target":{"@type":"EntryPoint","urlTemplate":"https:\/\/releveottawa.com\/fr\/?s={search_term_string}"},"query-input":{"@type":"PropertyValueSpecification","valueRequired":true,"valueName":"search_term_string"}}],"inLanguage":"fr-CA"}]}},"_links":{"self":[{"href":"https:\/\/releveottawa.com\/fr\/wp-json\/wp\/v2\/pages\/4057","targetHints":{"allow":["GET"]}}],"collection":[{"href":"https:\/\/releveottawa.com\/fr\/wp-json\/wp\/v2\/pages"}],"about":[{"href":"https:\/\/releveottawa.com\/fr\/wp-json\/wp\/v2\/types\/page"}],"author":[{"embeddable":true,"href":"https:\/\/releveottawa.com\/fr\/wp-json\/wp\/v2\/users\/1"}],"replies":[{"embeddable":true,"href":"https:\/\/releveottawa.com\/fr\/wp-json\/wp\/v2\/comments?post=4057"}],"version-history":[{"count":6,"href":"https:\/\/releveottawa.com\/fr\/wp-json\/wp\/v2\/pages\/4057\/revisions"}],"predecessor-version":[{"id":4144,"href":"https:\/\/releveottawa.com\/fr\/wp-json\/wp\/v2\/pages\/4057\/revisions\/4144"}],"wp:attachment":[{"href":"https:\/\/releveottawa.com\/fr\/wp-json\/wp\/v2\/media?parent=4057"}],"curies":[{"name":"wp","href":"https:\/\/api.w.org\/{rel}","templated":true}]}}